{"id":14,"date":"2020-01-06T12:32:08","date_gmt":"2020-01-06T11:32:08","guid":{"rendered":"https:\/\/kanaly44.pl\/?page_id=14"},"modified":"2021-04-23T16:49:31","modified_gmt":"2021-04-23T14:49:31","slug":"strona-glowna","status":"publish","type":"page","link":"https:\/\/kanaly44.pl\/","title":{"rendered":""},"content":{"rendered":"\n<h1 class=\"has-text-align-center has-vivid-cyan-blue-color has-text-color\" style=\"font-size:40px;line-height:1.4\">Kup pe\u0142n\u0105 aplikacj\u0119 VR ju\u017c dzi\u015b!<\/h1>\n\n\n\n<figure class=\"wp-block-image size-large\"><a href=\"https:\/\/store.steampowered.com\/app\/1384570\/Kanay_44\/\"><img loading=\"lazy\" width=\"1024\" height=\"341\" src=\"https:\/\/kanaly44.pl\/wp-content\/uploads\/2021\/04\/Steam-1024x341.jpg\" alt=\"\" class=\"wp-image-536\" srcset=\"https:\/\/kanaly44.pl\/wp-content\/uploads\/2021\/04\/Steam-1024x341.jpg 1024w, https:\/\/kanaly44.pl\/wp-content\/uploads\/2021\/04\/Steam-300x100.jpg 300w, https:\/\/kanaly44.pl\/wp-content\/uploads\/2021\/04\/Steam-768x256.jpg 768w, https:\/\/kanaly44.pl\/wp-content\/uploads\/2021\/04\/Steam.jpg 1106w\" sizes=\"(max-width: 767px) 89vw, (max-width: 1000px) 54vw, (max-width: 1071px) 543px, 580px\" \/><\/a><figcaption>Aplikacja przeznaczona na gogle VR typu HTC Vive oraz Oculus Rift, to ponad 40 minut niezapomnianych wra\u017ce\u0144 i emocji. W celu zakupu przejd\u017a na platform\u0119 <a rel=\"noreferrer noopener\" href=\"https:\/\/store.steampowered.com\/app\/1384570\/Kanay_44\/\" target=\"_blank\">STEAM<\/a><\/figcaption><\/figure>\n\n\n\n<hr class=\"wp-block-separator has-text-color has-background has-very-dark-gray-background-color has-very-dark-gray-color is-style-dots\"\/>\n\n\n\n<p><\/p>\n\n\n\n<figure class=\"wp-block-image size-large\"><a href=\"https:\/\/www.kanaly44.pl\/Kanaly.html\"><img loading=\"lazy\" width=\"842\" height=\"200\" src=\"https:\/\/kanaly44.pl\/wp-content\/uploads\/2020\/07\/gra-1.jpg\" alt=\"\" class=\"wp-image-411\" srcset=\"https:\/\/kanaly44.pl\/wp-content\/uploads\/2020\/07\/gra-1.jpg 842w, https:\/\/kanaly44.pl\/wp-content\/uploads\/2020\/07\/gra-1-300x71.jpg 300w, https:\/\/kanaly44.pl\/wp-content\/uploads\/2020\/07\/gra-1-768x182.jpg 768w\" sizes=\"(max-width: 767px) 89vw, (max-width: 1000px) 54vw, (max-width: 1071px) 543px, 580px\" \/><\/a><\/figure>\n\n\n\n<hr class=\"wp-block-separator has-text-color has-background has-very-dark-gray-background-color has-very-dark-gray-color is-style-dots\"\/>\n\n\n\n<figure class=\"wp-block-image size-full is-style-default\"><img loading=\"lazy\" width=\"768\" height=\"200\" src=\"https:\/\/kanaly44.pl\/wp-content\/uploads\/2021\/04\/PartnerHonorowy.jpg\" alt=\"\" class=\"wp-image-550\" srcset=\"https:\/\/kanaly44.pl\/wp-content\/uploads\/2021\/04\/PartnerHonorowy.jpg 768w, https:\/\/kanaly44.pl\/wp-content\/uploads\/2021\/04\/PartnerHonorowy-300x78.jpg 300w\" sizes=\"(max-width: 767px) 89vw, (max-width: 1000px) 54vw, (max-width: 1071px) 543px, 580px\" \/><\/figure>\n\n\n\n<h1 class=\"has-text-align-center has-vivid-cyan-blue-color has-text-color\">Wirtualny \u015bwiat kana\u0142\u00f3w<\/h1>\n\n\n\n<p>Aplikacja wykorzystuje potencja\u0142 silnika Unreal Engine 4 oraz modelowania 3D.  Miesi\u0105ce pracy i test\u00f3w przynios\u0142y spektakularny efekt: <\/p>\n\n\n\n<p class=\"has-vivid-cyan-blue-color has-text-color\">mo\u017cliwo\u015b\u0107 swobodnego poruszania si\u0119 po niedost\u0119pnym labiryncie warszawskiej sieci kanalizacyjnej z misj\u0105 podziemnego kuriera powsta\u0144czego!  <\/p>\n\n\n\n<figure class=\"wp-block-embed is-type-video is-provider-youtube wp-block-embed-youtube wp-embed-aspect-4-3 wp-has-aspect-ratio\"><div class=\"wp-block-embed__wrapper\">\n<iframe title=\"Kana\u0142y &#039;44 | Projekt VR\" width=\"525\" height=\"394\" src=\"https:\/\/www.youtube.com\/embed\/xtJ2hwZ5P6s?feature=oembed\" frameborder=\"0\" allow=\"accelerometer; autoplay; clipboard-write; encrypted-media; gyroscope; picture-in-picture\" allowfullscreen><\/iframe>\n<\/div><figcaption>Nagranie z finalnych test\u00f3w aplikacji &#8211; wrzesie\u0144 2019 r.<\/figcaption><\/figure>\n\n\n\n<p>Wciel si\u0119 w podziemnego kuriera. <\/p>\n\n\n\n<p>Zobacz sie\u0107 kana\u0142\u00f3w na w\u0142asne oczy. <\/p>\n\n\n\n<p>Prze\u017cyj niesamowite emocje do\u015bwiadczaj\u0105c podziemnej rzeczywisto\u015bci &#8211; zupe\u0142nie jak bohaterowie, kt\u00f3rzy przemierzali mrok tuneli w trakcie powstania warszawskiego!<\/p>\n\n\n\n<p>Rozpocznij misj\u0119, unikaj niebezpiecze\u0144stw i pu\u0142apek. <\/p>\n\n\n\n<p>Dojd\u017a do celu &#8211; \u017cywy! <\/p>\n\n\n\n<figure class=\"wp-block-gallery aligncenter columns-3 is-cropped\"><ul class=\"blocks-gallery-grid\"><li class=\"blocks-gallery-item\"><figure><img loading=\"lazy\" width=\"1024\" height=\"689\" src=\"https:\/\/kanaly44.pl\/wp-content\/uploads\/2020\/02\/Kanaly44_prev00-1024x689.jpg\" alt=\"\" data-id=\"74\" data-full-url=\"https:\/\/kanaly44.pl\/wp-content\/uploads\/2020\/02\/Kanaly44_prev00.jpg\" data-link=\"https:\/\/kanaly44.pl\/index.php\/strona-glowna\/kanaly44_prev00\/\" class=\"wp-image-74\" srcset=\"https:\/\/kanaly44.pl\/wp-content\/uploads\/2020\/02\/Kanaly44_prev00-1024x689.jpg 1024w, https:\/\/kanaly44.pl\/wp-content\/uploads\/2020\/02\/Kanaly44_prev00-300x202.jpg 300w, https:\/\/kanaly44.pl\/wp-content\/uploads\/2020\/02\/Kanaly44_prev00-768x517.jpg 768w, https:\/\/kanaly44.pl\/wp-content\/uploads\/2020\/02\/Kanaly44_prev00-1536x1034.jpg 1536w, https:\/\/kanaly44.pl\/wp-content\/uploads\/2020\/02\/Kanaly44_prev00.jpg 1560w\" sizes=\"(max-width: 767px) 89vw, (max-width: 1000px) 54vw, (max-width: 1071px) 543px, 580px\" \/><\/figure><\/li><li class=\"blocks-gallery-item\"><figure><img loading=\"lazy\" width=\"1024\" height=\"738\" src=\"https:\/\/kanaly44.pl\/wp-content\/uploads\/2020\/02\/Kanaly44_prev01-1024x738.jpg\" alt=\"\" data-id=\"75\" data-full-url=\"https:\/\/kanaly44.pl\/wp-content\/uploads\/2020\/02\/Kanaly44_prev01.jpg\" data-link=\"https:\/\/kanaly44.pl\/index.php\/strona-glowna\/kanaly44_prev01\/\" class=\"wp-image-75\" srcset=\"https:\/\/kanaly44.pl\/wp-content\/uploads\/2020\/02\/Kanaly44_prev01-1024x738.jpg 1024w, https:\/\/kanaly44.pl\/wp-content\/uploads\/2020\/02\/Kanaly44_prev01-300x216.jpg 300w, https:\/\/kanaly44.pl\/wp-content\/uploads\/2020\/02\/Kanaly44_prev01-768x554.jpg 768w, https:\/\/kanaly44.pl\/wp-content\/uploads\/2020\/02\/Kanaly44_prev01.jpg 1456w\" sizes=\"(max-width: 767px) 89vw, (max-width: 1000px) 54vw, (max-width: 1071px) 543px, 580px\" \/><\/figure><\/li><li class=\"blocks-gallery-item\"><figure><img loading=\"lazy\" width=\"870\" height=\"732\" src=\"https:\/\/kanaly44.pl\/wp-content\/uploads\/2020\/02\/Kanaly44_prev02.jpg\" alt=\"\" data-id=\"76\" data-full-url=\"https:\/\/kanaly44.pl\/wp-content\/uploads\/2020\/02\/Kanaly44_prev02.jpg\" data-link=\"https:\/\/kanaly44.pl\/index.php\/strona-glowna\/kanaly44_prev02\/\" class=\"wp-image-76\" srcset=\"https:\/\/kanaly44.pl\/wp-content\/uploads\/2020\/02\/Kanaly44_prev02.jpg 870w, https:\/\/kanaly44.pl\/wp-content\/uploads\/2020\/02\/Kanaly44_prev02-300x252.jpg 300w, https:\/\/kanaly44.pl\/wp-content\/uploads\/2020\/02\/Kanaly44_prev02-768x646.jpg 768w\" sizes=\"(max-width: 767px) 89vw, (max-width: 1000px) 54vw, (max-width: 1071px) 543px, 580px\" \/><\/figure><\/li><li class=\"blocks-gallery-item\"><figure><img loading=\"lazy\" width=\"980\" height=\"808\" src=\"https:\/\/kanaly44.pl\/wp-content\/uploads\/2020\/02\/Kanaly44_prev03.jpg\" alt=\"\" data-id=\"77\" data-full-url=\"https:\/\/kanaly44.pl\/wp-content\/uploads\/2020\/02\/Kanaly44_prev03.jpg\" data-link=\"https:\/\/kanaly44.pl\/index.php\/strona-glowna\/kanaly44_prev03\/\" class=\"wp-image-77\" srcset=\"https:\/\/kanaly44.pl\/wp-content\/uploads\/2020\/02\/Kanaly44_prev03.jpg 980w, https:\/\/kanaly44.pl\/wp-content\/uploads\/2020\/02\/Kanaly44_prev03-300x247.jpg 300w, https:\/\/kanaly44.pl\/wp-content\/uploads\/2020\/02\/Kanaly44_prev03-768x633.jpg 768w\" sizes=\"(max-width: 767px) 89vw, (max-width: 1000px) 54vw, (max-width: 1071px) 543px, 580px\" \/><\/figure><\/li><li class=\"blocks-gallery-item\"><figure><img loading=\"lazy\" width=\"1024\" height=\"640\" src=\"https:\/\/kanaly44.pl\/wp-content\/uploads\/2020\/02\/Kanaly44_prev04-1024x640.png\" alt=\"\" data-id=\"78\" data-full-url=\"https:\/\/kanaly44.pl\/wp-content\/uploads\/2020\/02\/Kanaly44_prev04.png\" data-link=\"https:\/\/kanaly44.pl\/index.php\/strona-glowna\/kanaly44_prev04\/\" class=\"wp-image-78\" srcset=\"https:\/\/kanaly44.pl\/wp-content\/uploads\/2020\/02\/Kanaly44_prev04-1024x640.png 1024w, https:\/\/kanaly44.pl\/wp-content\/uploads\/2020\/02\/Kanaly44_prev04-300x188.png 300w, https:\/\/kanaly44.pl\/wp-content\/uploads\/2020\/02\/Kanaly44_prev04-768x480.png 768w, https:\/\/kanaly44.pl\/wp-content\/uploads\/2020\/02\/Kanaly44_prev04-1536x960.png 1536w, https:\/\/kanaly44.pl\/wp-content\/uploads\/2020\/02\/Kanaly44_prev04.png 1680w\" sizes=\"(max-width: 767px) 89vw, (max-width: 1000px) 54vw, (max-width: 1071px) 543px, 580px\" \/><\/figure><\/li><li class=\"blocks-gallery-item\"><figure><img loading=\"lazy\" width=\"954\" height=\"720\" src=\"https:\/\/kanaly44.pl\/wp-content\/uploads\/2020\/02\/Kanaly44_prev05.jpg\" alt=\"\" data-id=\"79\" data-full-url=\"https:\/\/kanaly44.pl\/wp-content\/uploads\/2020\/02\/Kanaly44_prev05.jpg\" data-link=\"https:\/\/kanaly44.pl\/index.php\/strona-glowna\/kanaly44_prev05\/\" class=\"wp-image-79\" srcset=\"https:\/\/kanaly44.pl\/wp-content\/uploads\/2020\/02\/Kanaly44_prev05.jpg 954w, https:\/\/kanaly44.pl\/wp-content\/uploads\/2020\/02\/Kanaly44_prev05-300x226.jpg 300w, https:\/\/kanaly44.pl\/wp-content\/uploads\/2020\/02\/Kanaly44_prev05-768x580.jpg 768w\" sizes=\"(max-width: 767px) 89vw, (max-width: 1000px) 54vw, (max-width: 1071px) 543px, 580px\" \/><\/figure><\/li><li class=\"blocks-gallery-item\"><figure><img loading=\"lazy\" width=\"1024\" height=\"674\" src=\"https:\/\/kanaly44.pl\/wp-content\/uploads\/2020\/02\/Kanaly44_prev06-1024x674.jpg\" alt=\"\" data-id=\"80\" data-full-url=\"https:\/\/kanaly44.pl\/wp-content\/uploads\/2020\/02\/Kanaly44_prev06.jpg\" data-link=\"https:\/\/kanaly44.pl\/index.php\/strona-glowna\/kanaly44_prev06\/\" class=\"wp-image-80\" srcset=\"https:\/\/kanaly44.pl\/wp-content\/uploads\/2020\/02\/Kanaly44_prev06-1024x674.jpg 1024w, https:\/\/kanaly44.pl\/wp-content\/uploads\/2020\/02\/Kanaly44_prev06-300x197.jpg 300w, https:\/\/kanaly44.pl\/wp-content\/uploads\/2020\/02\/Kanaly44_prev06-768x505.jpg 768w, https:\/\/kanaly44.pl\/wp-content\/uploads\/2020\/02\/Kanaly44_prev06-1536x1011.jpg 1536w, https:\/\/kanaly44.pl\/wp-content\/uploads\/2020\/02\/Kanaly44_prev06.jpg 1596w\" sizes=\"(max-width: 767px) 89vw, (max-width: 1000px) 54vw, (max-width: 1071px) 543px, 580px\" \/><\/figure><\/li><\/ul><\/figure>\n\n\n\n<h1 class=\"has-text-align-center has-vivid-cyan-blue-color has-text-color\">Powsta\u0144cza bro\u0144 na wyci\u0105gni\u0119cie r\u0119ki<\/h1>\n\n\n\n<p>Prace nad projektem zwi\u0105zane by\u0142y z konieczno\u015bci\u0105 realistycznego odtworzenia modeli 3D przedmiot\u00f3w i broni. Dzi\u0119ki temu mo\u017cemy je teraz pokaza\u0107 tak, jakby by\u0142y tu\u017c przed Tob\u0105, na wyci\u0105gni\u0119cie r\u0119ki! Je\u017celi posiadasz telefon kom\u00f3rkowy wspieraj\u0105cy technologi\u0119 AR (Augmented Reality \/ Rozszerzon\u0105 Rzeczywisto\u015b\u0107) mo\u017cesz te\u017c zobaczy\u0107 je cho\u0107by na pod\u0142odze swojego domu. <\/p>\n\n\n\n<!-- Import the component -->\n<script type=\"module\" src=\"https:\/\/modelviewer.dev\/node_modules\/@google\/model-viewer\/dist\/model-viewer.min.js\"><\/script>\n<script nomodule=\"\" src=\"https:\/\/unpkg.com\/@google\/model-viewer\/dist\/model-viewer-legacy.js\"><\/script>\n<!-- Use it like any other HTML element -->\n<div class=\"demo\" style=\"background-color: transparent\">\n<model-viewer id=\"menu\" shadow-intensity=\"4\" shadow-softness=\"1\" ar=\"\" src=\"https:\/\/kanaly44.pl\/ar\/ar_mine.glb\" alt=\"Mina - model 3D i AR\" camera-controls=\"\" auto-rotate=\"\" ar-scale=\"fixed\" ios-src=\"https:\/\/kanaly44.pl\/ar\/ar_mine.usdz#allowsContentScaling=0\" quick-look-browsers=\"safari chrome\" camera-orbit=\"-336.8deg 67.04deg 0.6453m\" min-camera-orbit=\"auto auto auto\" max-camera-orbit=\"auto auto 0.6453m\" style=\"width: auto;\n    height: 350px;\">\n<\/model-viewer>\n<\/div>\n\n\n<p>Zobacz inne modele &#8211; kliknij <a href=\"https:\/\/kanaly44.pl\/index.php\/ar\">tutaj<\/a>.<\/p>\n\n\n<hr class=\"wp-block-separator has-text-color has-background has-vivid-cyan-blue-background-color has-vivid-cyan-blue-color is-style-dots\"\/>\n\n\n\n<hr class=\"wp-block-separator has-text-color has-background has-very-dark-gray-background-color has-very-dark-gray-color is-style-dots\"\/>\n\n\n\n<h3 class=\"has-text-align-right has-vivid-cyan-blue-color has-text-color\">\/ Zesp\u00f3\u0142<\/h3>\n\n\n\n<p><strong>Krystian Krzyszczuk<\/strong> \u2013 lider, wizjoner, profesjonalista i poszukiwacz. Nieustannie ciekawy \u015bwiata. Kreatywne podchodzenie do wyzwa\u0144 ma we krwi. Z wykszta\u0142cenia trener biznesu i mediator. 20 lat do\u015bwiadcze\u0144 zawodowych w realizacji wielu r\u00f3\u017cnorodnych wyzwa\u0144 przekuwa na wytyczanie kierunk\u00f3w dzia\u0142ania i rozw\u00f3j projektu oraz nawi\u0105zywanie i podtrzymywanie kontakt\u00f3w z jego Partnerami.<\/p>\n\n\n\n<p><strong>Agata Sztyber<\/strong> \u2013 z wykszta\u0142cenia\narchitekt. W projektowaniu pos\u0142uguje si\u0119 zar\u00f3wno technikami tradycyjnymi\n(rysunek, malarstwo) jak i cyfrowymi (grafika, modelowanie 3d). W zastosowaniu\ntechnologii wirtualnej rzeczywisto\u015bci widzi potencja\u0142 nieograniczonej\nmo\u017cliwo\u015bci tworzenia. W zespole pe\u0142ni rol\u0119 artysty koncepcyjnego oraz zapewnia\nwsparcie merytoryczne w realizowanych wizualizacjach.<\/p>\n\n\n\n<p><strong>Micha\u0142 S\u0142awek <\/strong>&#8211; z zami\u0142owania rekonstruktor, z wykszta\u0142cenia magister archeologii. \u017bywo zafascynowany grami elektronicznymi jako unikalnym, bo interaktywnym, medium narracji. Odpowiedzialny w zespole za poprawno\u015b\u0107 historyczn\u0105 projekt\u00f3w i ich zgodno\u015b\u0107 z realiami danej epoki. Posiada tak\u017ce du\u017ce do\u015bwiadczenie z zakresu testowania gier, co przek\u0142ada si\u0119 na dba\u0142o\u015b\u0107 o jako\u015b\u0107 ju\u017c na etapie planowania danej realizacji.<\/p>\n\n\n\n<p><strong>Patryk Jarosz<\/strong> \u2013 programista z blisko\n10 letnim do\u015bwiadczeniem w bran\u017cy gamedevowej. Pracowa\u0142 jako <em>Lead Programmer <\/em>nad grami Inner Voices,\nPC Brawl, Hyper Arena VR (Jedna z pierwszych gier E-Sportowych VR zatwierdzona\nprzez Intela- Intel Extreme Masters) oraz Regenesis Arcade kt\u00f3ra zosta\u0142a\nnagrodzona na konferencji GDC \u2013 Viveport Developers Awards jako najlepsza gra\nVR Arcade roku. Wyk\u0142adowca na uczelni AFiB Vistula oraz Warszawskiej Szkole\nFilmowej. <\/p>\n\n\n\n<p><strong>Piotr Siemierzewicz<\/strong> \u2013 grafik komputerowy\n2D i 3D z wykszta\u0142ceniem artystycznym w trakcie przygotowa\u0144 do obrony pracy\nmagisterskiej. W bran\u017cy od 5 lat-&nbsp;\npocz\u0105tkowo jako freelancer, od 4 lat zwi\u0105zany z firmami tworz\u0105cymi\nprojekty 3D \/ VR \/ AR,&nbsp; jako G\u0142\u00f3wny\nGrafik 3D. Wsp\u00f3\u0142tworzy\u0142 \u201eScen\u0119 Zbrodni\u201d dla Akademii Leona Ko\u017ami\u0144skiego, wiele\nwizualizacji deweloperskich, a tak\u017ce aplikacji mobilnych VR&nbsp; i AR.<\/p>\n\n\n\n<p><strong>Rafa\u0142 Rossakiewicz<\/strong> &#8211; absolwent studi\u00f3w graficznych na WIT z wyr\u00f3\u017cnieniem za najlepsz\u0105 prac\u0119 licencjack\u0105. Od trzech lat zajmuje si\u0119 tworzeniem aplikacji VR w celach rozrywkowych oraz edukacyjnych, z kt\u00f3rych najwi\u0119kszym projektem by\u0142a rozbudowana symulacja sceny zbrodni przeznaczona dla student\u00f3w prawa w Akademii Leona Ko\u017ami\u0144skiego.<\/p>\n\n\n\n<p><strong>Tytus Tomala<\/strong> &#8211; \u200b programista pasjonat, mi\u0142o\u015bnik zar\u00f3wno nowych technologii (VR, AR) jak i starych (konsole 8 i 16 bitowe). Poprzednio zajmowa\u0142 si\u0119 testowaniem silnika do tworzenia gier, obecnie pracuje jako freelancer przy projektach zwi\u0105zanych z wykorzystaniem Unreal Engine 4. <\/p>\n\n\n\n<p><strong>Andrzej Gumbrycht <\/strong>&#8211; \u200b realizator i producent d\u017awi\u0119ku z wyj\u0105tkow\u0105 pasj\u0105 i wra\u017cliwo\u015bci\u0105.  Uwielbia przestrze\u0144 oraz harmoni\u0119, b\u0119d\u0105c samemu osobowo\u015bci\u0105 energiczn\u0105.  Wieloletnie do\u015bwiadczenie zawodowe w studiu, radiu i w plenerze przeku\u0142 na to, aby projekt by\u0142 pe\u0142nym audio-wizualnym do\u015bwiadczeniem. Kana\u0142y \u201844 to jego pierwsze przedsi\u0119wzi\u0119cie ud\u017awi\u0119kowienia wirtualnej rzeczywisto\u015bci. <\/p>\n\n\n\n<p><strong>Marek i Jarek Jaroszewscy <\/strong>&#8211; ich kwalifikacje obejmuj\u0105 prace programistyczno-graficzne z wykorzystaniem silnika Unreal Engine 4. Na swoim koncie maj\u0105 bardzo r\u00f3\u017cnorodne realizacje m.in. : IVA3D \u2013 Interaktywne Wizualizacje Architektoniczne (2015), Gra Inner Voices (2017), Gra Edukacyjna o systemie Wodoci\u0105g\u00f3w (2017), Wizualizacja lasu karbo\u0144skiego dla Expo 2017 Astana, Wizualizacja VR przedwojennego Elbl\u0105ga (2018) czy VR Wizualizacja 4 \u017bywio\u0142\u00f3w (2019). Nale\u017celi tak\u017ce do zespo\u0142u tworz\u0105cego gr\u0119 Hyper Arena VR oraz Regenesis Arcade (2018). Do\u015bwiadczenie nabyli pracuj\u0105c w firmie Sigma, a od 2018 roku prowadz\u0105 w\u0142asne studio Don&#8217;t Bite Devs&nbsp;zajmuj\u0105ce si\u0119 tworzeniem gier komputerowych.<\/p>\n\n\n\n<hr class=\"wp-block-separator has-text-color has-background has-very-dark-gray-background-color has-very-dark-gray-color is-style-dots\"\/>\n\n\n\n<h3 class=\"has-text-align-right has-vivid-cyan-blue-color has-text-color\">\/ Organizacje zaanga\u017cowane w projekt<\/h3>\n\n\n\n<p><a href=\"https:\/\/sghradoslaw44.pl\/\" target=\"_blank\" rel=\"noreferrer noopener\">Grupa Historyczna \u201eZgrupowanie Rados\u0142aw\u201d<\/a> \u2013 partner merytoryczny od strony poprawno\u015bci historycznej tworzonej aplikacji, przy tym skarbnica wiedzy o powstaniu warszawskim.<\/p>\n\n\n\n<p><a href=\"https:\/\/vrproject.com.pl\/\" target=\"_blank\" rel=\"noreferrer noopener\">VR Project <\/a>\u2013 wsparcie techniczne oraz pomoc przy testach i opiniowaniu aplikacji od strony VR.<\/p>\n\n\n\n<p><a href=\"https:\/\/www.mpwik.com.pl\/\" target=\"_blank\" rel=\"noreferrer noopener\">MPWiK Warszawa<\/a> \u2013 wsparcie od strony poprawno\u015bci architektonicznej i konstrukcyjnej kana\u0142\u00f3w warszawskich, dostawca plan\u00f3w z okresu powstania.<\/p>\n\n\n\n<p><a href=\"http:\/\/colordrop.pl\/\" target=\"_blank\" rel=\"noreferrer noopener\">Studio Color Drop<\/a> \u2013 partner technologiczny odpowiedzialny za prototypowanie aplikacji na bazie silnika UE4 w \u015brodowisku VR na wczesnym etapie jej tworzenia.<\/p>\n\n\n\n<hr class=\"wp-block-separator has-text-color has-background has-vivid-cyan-blue-background-color has-vivid-cyan-blue-color is-style-dots\"\/>\n\n\n\n<hr class=\"wp-block-separator has-text-color has-background has-very-dark-gray-background-color has-very-dark-gray-color is-style-dots\"\/>\n\n\n\n<h1 class=\"has-text-align-center has-luminous-vivid-orange-color has-text-color\"><strong>Wesprzyj projekt!<\/strong><\/h1>\n\n\n\n<p><strong>Sponsoring <\/strong>oraz<strong> patronaty <\/strong>mo\u017cliwe s\u0105 do wdro\u017cenia na\nka\u017cdym etapie rozwoju projektu. Ka\u017cde wsparcie jest bardzo cenne i jak\nnajbardziej mile widziane!<\/p>\n\n\n\n<p>Gor\u0105co zapraszamy do kontaktu i podj\u0119cia rozm\u00f3w na temat wsp\u00f3\u0142pracy: <\/p>\n\n\n\n<p>Krystian Krzyszczuk | krystian.krzyszczuk@realdreamvision.pl <\/p>\n","protected":false},"excerpt":{"rendered":"<p>Kup pe\u0142n\u0105 aplikacj\u0119 VR ju\u017c dzi\u015b! Wirtualny \u015bwiat kana\u0142\u00f3w Aplikacja wykorzystuje potencja\u0142 silnika Unreal Engine 4 oraz modelowania 3D. Miesi\u0105ce pracy i test\u00f3w przynios\u0142y spektakularny efekt: mo\u017cliwo\u015b\u0107 swobodnego poruszania si\u0119 po niedost\u0119pnym labiryncie warszawskiej sieci kanalizacyjnej z misj\u0105 podziemnego kuriera powsta\u0144czego! Wciel si\u0119 w podziemnego kuriera. Zobacz sie\u0107 kana\u0142\u00f3w na w\u0142asne oczy. Prze\u017cyj niesamowite emocje &hellip; <\/p>\n<p class=\"link-more\"><a href=\"https:\/\/kanaly44.pl\/\" class=\"more-link\">Czytaj dalej<span class=\"screen-reader-text\"> <\/span><\/a><\/p>\n","protected":false},"author":1,"featured_media":75,"parent":0,"menu_order":0,"comment_status":"closed","ping_status":"closed","template":"","meta":[],"_links":{"self":[{"href":"https:\/\/kanaly44.pl\/index.php\/wp-json\/wp\/v2\/pages\/14"}],"collection":[{"href":"https:\/\/kanaly44.pl\/index.php\/wp-json\/wp\/v2\/pages"}],"about":[{"href":"https:\/\/kanaly44.pl\/index.php\/wp-json\/wp\/v2\/types\/page"}],"author":[{"embeddable":true,"href":"https:\/\/kanaly44.pl\/index.php\/wp-json\/wp\/v2\/users\/1"}],"replies":[{"embeddable":true,"href":"https:\/\/kanaly44.pl\/index.php\/wp-json\/wp\/v2\/comments?post=14"}],"version-history":[{"count":192,"href":"https:\/\/kanaly44.pl\/index.php\/wp-json\/wp\/v2\/pages\/14\/revisions"}],"predecessor-version":[{"id":551,"href":"https:\/\/kanaly44.pl\/index.php\/wp-json\/wp\/v2\/pages\/14\/revisions\/551"}],"wp:featuredmedia":[{"embeddable":true,"href":"https:\/\/kanaly44.pl\/index.php\/wp-json\/wp\/v2\/media\/75"}],"wp:attachment":[{"href":"https:\/\/kanaly44.pl\/index.php\/wp-json\/wp\/v2\/media?parent=14"}],"curies":[{"name":"wp","href":"https:\/\/api.w.org\/{rel}","templated":true}]}}