{"id":339,"date":"2020-02-15T18:10:31","date_gmt":"2020-02-15T17:10:31","guid":{"rendered":"http:\/\/kanaly44.pl\/?page_id=339"},"modified":"2021-04-23T16:38:48","modified_gmt":"2021-04-23T14:38:48","slug":"kanaly-44","status":"publish","type":"page","link":"https:\/\/kanaly44.pl\/index.php\/kanaly-44\/","title":{"rendered":"Kana\u0142y &#8217;44"},"content":{"rendered":"\n<h3 class=\"has-text-align-right has-vivid-cyan-blue-color has-text-color\">\/ Geneza projektu<\/h3>\n\n\n\n<p class=\"has-vivid-cyan-blue-color has-text-color\"><strong>Na pocz\u0105tku by\u0142a wyj\u0105tkowa wizja<\/strong>: pokaza\u0107 m\u0142odym pokoleniom rzeczywisto\u015b\u0107, w kt\u00f3rej walczyli ich dziadkowie &#8211; tak, aby poczuli jak to by\u0142o, ale w bezpieczny spos\u00f3b. <\/p>\n\n\n\n<p>Na jej kanwie nasz zesp\u00f3\u0142 podj\u0105\u0142 si\u0119 realizacji olbrzymiego wyzwania w  obszarze odtwarzania miejsc historycznych przy wykorzystaniu VR.  I tak  oto w 2017 roku ruszy\u0142y prace nad wyj\u0105tkowym projektem. <\/p>\n\n\n\n<p>Wykorzystuj\u0105c potencja\u0142 silnika Unreal Engine 4 i modelowania 3D  stworzyli\u015bmy wizualizacj\u0119-aplikacj\u0119 osadzon\u0105 w realiach powstania  warszawskiego 1944 dost\u0119pn\u0105 w wirtualnej rzeczywisto\u015bci (VR &#8211; Virtual  Reality). <\/p>\n\n\n\n<h3 class=\"has-text-align-right has-vivid-cyan-blue-color has-text-color\">\/  Czym s\u0105 Kana\u0142y &#8217;44?<\/h3>\n\n\n\n<p><strong>Kana\u0142y \u201944<\/strong> to projekt, kt\u00f3ry przenosi w wirtualn\u0105, interaktywn\u0105  rzeczywisto\u015b\u0107 kana\u0142\u00f3w wykorzystywanych w czasie powstania warszawskiego.  Wychodzimy daleko poza prosty model \u201awirtualnej makiety\u2019. Pozwalamy  dowolnej osobie wcieli\u0107 si\u0119 w podziemnego kuriera, tak by z biernego  widza mog\u0142a sta\u0107 si\u0119 aktywnym uczestnikiem historii swobodnie  poruszaj\u0105cym si\u0119 po kana\u0142ach. <\/p>\n\n\n\n<figure class=\"wp-block-embed is-type-video is-provider-vimeo wp-block-embed-vimeo wp-embed-aspect-4-3 wp-has-aspect-ratio\"><div class=\"wp-block-embed__wrapper\">\n<iframe title=\"Kana\u0142y &#039;44 - Polska Walcz\u0105ca\" src=\"https:\/\/player.vimeo.com\/video\/359967286?dnt=1&amp;app_id=122963\" width=\"525\" height=\"328\" frameborder=\"0\" allow=\"autoplay; fullscreen; picture-in-picture\" allowfullscreen><\/iframe>\n<\/div><figcaption>Fragment filmu z przebiegu rozgrywki w aplikacji na etapie test\u00f3w.<\/figcaption><\/figure>\n\n\n\n<h3 class=\"has-text-align-right has-vivid-cyan-blue-color has-text-color\">\/ Jak powstawa\u0142a wizualizacja?<\/h3>\n\n\n\n<p>Naszym celem by\u0142o osi\u0105gni\u0119cie pe\u0142nej immersji i realizmu. \u017beby poczu\u0107  klimat mrocznego labiryntu, zapu\u015bcili\u015bmy si\u0119 w jego otch\u0142a\u0144 &#8211; zeszli\u015bmy sami do kana\u0142\u00f3w. <\/p>\n\n\n\n<p>Na  szcz\u0119\u015bcie byli\u015bmy prowadzeni w bezpieczny spos\u00f3b przez osoby, kt\u00f3re na  co dzie\u0144 dbaj\u0105 o prawid\u0142owe funkcjonowanie warszawskiej sieci  kanalizacyjnej. Pomoc ze strony MPWiK Warszawa okaza\u0142a si\u0119 olbrzymim  wsparciem.  <\/p>\n\n\n\n<figure class=\"wp-block-embed is-type-video is-provider-youtube wp-block-embed-youtube wp-embed-aspect-16-9 wp-has-aspect-ratio\"><div class=\"wp-block-embed__wrapper\">\n<iframe title=\"Kana\u0142y &#039;44 | Projekt VR - wizja lokalna\" width=\"525\" height=\"295\" src=\"https:\/\/www.youtube.com\/embed\/aduJA4Ke_eo?feature=oembed\" frameborder=\"0\" allow=\"accelerometer; autoplay; clipboard-write; encrypted-media; gyroscope; picture-in-picture\" allowfullscreen><\/iframe>\n<\/div><figcaption> Materia\u0142 video z wizji lokalnej przeprowadzonej w listopadzie 2018 roku.  Zej\u015bcie mia\u0142o miejsce zaraz obok hotelu Bristol, przy ul. Karowej. <\/figcaption><\/figure>\n\n\n\n<p>Kluczem unikalno\u015bci aplikacji jest fakt, \u017ce trzymamy si\u0119 autentycznego  t\u0142a historycznego i wydarze\u0144. Cz\u0142onkowie zespo\u0142u po\u015bwi\u0119cili \u0142\u0105cznie  kilkaset godzin na pozyskanie wszelkiego rodzaju referencji, co  pozwoli\u0142o na stworzenie rozbudowanego scenariusza z wci\u0105gaj\u0105c\u0105 narracj\u0105.   <\/p>\n\n\n\n<p>Zebrali\u015bmy setki materia\u0142\u00f3w \u017ar\u00f3d\u0142owych, a przy tym stworzyli\u015bmy wiele  rysunk\u00f3w, kt\u00f3re najlepiej oddawa\u0142y nasz zamys\u0142 i atmosfer\u0119 historii.  Robili\u015bmy wszystko co w naszej mocy, aby narracja by\u0142a prowadzona  zupe\u0142nie tak, jak gdyby uczestnik znalaz\u0142 si\u0119 w sercu powsta\u0144czych  wydarze\u0144. <\/p>\n\n\n\n<figure class=\"wp-block-gallery columns-2 is-cropped\"><ul class=\"blocks-gallery-grid\"><li class=\"blocks-gallery-item\"><figure><img loading=\"lazy\" width=\"768\" height=\"461\" src=\"https:\/\/kanaly44.pl\/wp-content\/uploads\/2020\/02\/rysunekZator-768x461-1.jpg\" alt=\"\" data-id=\"99\" data-full-url=\"https:\/\/kanaly44.pl\/wp-content\/uploads\/2020\/02\/rysunekZator-768x461-1.jpg\" data-link=\"https:\/\/kanaly44.pl\/index.php\/strona-glowna\/rysunekzator-768x461-1\/\" class=\"wp-image-99\" srcset=\"https:\/\/kanaly44.pl\/wp-content\/uploads\/2020\/02\/rysunekZator-768x461-1.jpg 768w, https:\/\/kanaly44.pl\/wp-content\/uploads\/2020\/02\/rysunekZator-768x461-1-300x180.jpg 300w\" sizes=\"(max-width: 767px) 89vw, (max-width: 1000px) 54vw, (max-width: 1071px) 543px, 580px\" \/><\/figure><\/li><li class=\"blocks-gallery-item\"><figure><img loading=\"lazy\" width=\"768\" height=\"461\" src=\"https:\/\/kanaly44.pl\/wp-content\/uploads\/2020\/02\/rysunekStudzienka-768x461-1.jpg\" alt=\"\" data-id=\"98\" data-full-url=\"https:\/\/kanaly44.pl\/wp-content\/uploads\/2020\/02\/rysunekStudzienka-768x461-1.jpg\" data-link=\"https:\/\/kanaly44.pl\/index.php\/strona-glowna\/rysunekstudzienka-768x461-1\/\" class=\"wp-image-98\" srcset=\"https:\/\/kanaly44.pl\/wp-content\/uploads\/2020\/02\/rysunekStudzienka-768x461-1.jpg 768w, https:\/\/kanaly44.pl\/wp-content\/uploads\/2020\/02\/rysunekStudzienka-768x461-1-300x180.jpg 300w\" sizes=\"(max-width: 767px) 89vw, (max-width: 1000px) 54vw, (max-width: 1071px) 543px, 580px\" \/><\/figure><\/li><li class=\"blocks-gallery-item\"><figure><img loading=\"lazy\" width=\"768\" height=\"461\" src=\"https:\/\/kanaly44.pl\/wp-content\/uploads\/2020\/02\/rysunekKierunekMokotow-768x461-1.jpg\" alt=\"\" data-id=\"97\" data-full-url=\"https:\/\/kanaly44.pl\/wp-content\/uploads\/2020\/02\/rysunekKierunekMokotow-768x461-1.jpg\" data-link=\"https:\/\/kanaly44.pl\/index.php\/strona-glowna\/rysunekkierunekmokotow-768x461-1\/\" class=\"wp-image-97\" srcset=\"https:\/\/kanaly44.pl\/wp-content\/uploads\/2020\/02\/rysunekKierunekMokotow-768x461-1.jpg 768w, https:\/\/kanaly44.pl\/wp-content\/uploads\/2020\/02\/rysunekKierunekMokotow-768x461-1-300x180.jpg 300w\" sizes=\"(max-width: 767px) 89vw, (max-width: 1000px) 54vw, (max-width: 1071px) 543px, 580px\" \/><\/figure><\/li><\/ul><\/figure>\n\n\n\n<p>Jednak to nie wszystko! Zachowujemy r\u00f3wnie\u017c realia architektoniczne. W  tworzeniu aplikacji kierowali\u015bmy si\u0119 oryginalnymi Lindleyowskimi Planami  Kanalizacji dla miasta Warszawy, co przekuli\u015bmy na wierne tworzenie  modeli 3D.  <\/p>\n\n\n<figure class=\"wp-block-gallery columns-2 is-cropped\">\n<ul class=\"blocks-gallery-grid\">\n<li class=\"blocks-gallery-item\">\n<figure><img loading=\"lazy\" width=\"1024\" height=\"812\" class=\"wp-image-145\" src=\"https:\/\/kanaly44.pl\/wp-content\/uploads\/2020\/02\/0117-1024x812-1.jpg\" alt=\"\" data-id=\"145\" data-link=\"https:\/\/kanaly44.pl\/index.php\/strona-glowna\/0117-1024x812-1\/\" srcset=\"https:\/\/kanaly44.pl\/wp-content\/uploads\/2020\/02\/0117-1024x812-1.jpg 1024w, https:\/\/kanaly44.pl\/wp-content\/uploads\/2020\/02\/0117-1024x812-1-300x238.jpg 300w, https:\/\/kanaly44.pl\/wp-content\/uploads\/2020\/02\/0117-1024x812-1-768x609.jpg 768w\" sizes=\"(max-width: 767px) 89vw, (max-width: 1000px) 54vw, (max-width: 1071px) 543px, 580px\" \/><\/figure>\n<\/li>\n<li class=\"blocks-gallery-item\">\n<figure><img loading=\"lazy\" width=\"1024\" height=\"827\" class=\"wp-image-146\" src=\"https:\/\/kanaly44.pl\/wp-content\/uploads\/2020\/02\/0119-1024x827-1.jpg\" alt=\"\" data-id=\"146\" data-link=\"https:\/\/kanaly44.pl\/index.php\/strona-glowna\/0119-1024x827-1\/\" srcset=\"https:\/\/kanaly44.pl\/wp-content\/uploads\/2020\/02\/0119-1024x827-1.jpg 1024w, https:\/\/kanaly44.pl\/wp-content\/uploads\/2020\/02\/0119-1024x827-1-300x242.jpg 300w, https:\/\/kanaly44.pl\/wp-content\/uploads\/2020\/02\/0119-1024x827-1-768x620.jpg 768w\" sizes=\"(max-width: 767px) 89vw, (max-width: 1000px) 54vw, (max-width: 1071px) 543px, 580px\" \/><\/figure>\n<\/li>\n<li class=\"blocks-gallery-item\">\n<figure><img loading=\"lazy\" width=\"1024\" height=\"476\" class=\"wp-image-147\" src=\"https:\/\/kanaly44.pl\/wp-content\/uploads\/2020\/02\/blender_2018-11-12_19-46-08-1024x476.png\" alt=\"\" data-id=\"147\" data-full-url=\"https:\/\/kanaly44.pl\/wp-content\/uploads\/2020\/02\/blender_2018-11-12_19-46-08.png\" data-link=\"https:\/\/kanaly44.pl\/index.php\/strona-glowna\/blender_2018-11-12_19-46-08\/\" srcset=\"https:\/\/kanaly44.pl\/wp-content\/uploads\/2020\/02\/blender_2018-11-12_19-46-08-1024x476.png 1024w, https:\/\/kanaly44.pl\/wp-content\/uploads\/2020\/02\/blender_2018-11-12_19-46-08-300x140.png 300w, https:\/\/kanaly44.pl\/wp-content\/uploads\/2020\/02\/blender_2018-11-12_19-46-08-768x357.png 768w, https:\/\/kanaly44.pl\/wp-content\/uploads\/2020\/02\/blender_2018-11-12_19-46-08.png 1236w\" sizes=\"(max-width: 767px) 89vw, (max-width: 1000px) 54vw, (max-width: 1071px) 543px, 580px\" \/><\/figure>\n<\/li>\n<\/ul>\n<\/figure>\n\n\n<p>Wizja lokalna i zdj\u0119cia z kana\u0142\u00f3w pozwoli\u0142y zadba\u0107 o idealne tekstury.  Niemniej jednak wymodelowanie ca\u0142o\u015bci w 3D i spi\u0119cie wszystkiego w tak wyj\u0105tkow\u0105 ca\u0142o\u015b\u0107 by\u0142o mo\u017cliwe dzi\u0119ki  pracy i zaanga\u017cowaniu wszystkich cz\u0142onk\u00f3w zespo\u0142u projektowego!<\/p>\n\n\n\n<figure class=\"wp-block-gallery columns-3 is-cropped\"><ul class=\"blocks-gallery-grid\"><li class=\"blocks-gallery-item\"><figure><img loading=\"lazy\" width=\"1024\" height=\"576\" src=\"https:\/\/kanaly44.pl\/wp-content\/uploads\/2020\/02\/GranatTrzonkowy-1024x576.jpg\" alt=\"\" data-id=\"231\" data-full-url=\"https:\/\/kanaly44.pl\/wp-content\/uploads\/2020\/02\/GranatTrzonkowy.jpg\" data-link=\"https:\/\/kanaly44.pl\/index.php\/strona-glowna\/granattrzonkowy\/\" class=\"wp-image-231\" srcset=\"https:\/\/kanaly44.pl\/wp-content\/uploads\/2020\/02\/GranatTrzonkowy-1024x576.jpg 1024w, https:\/\/kanaly44.pl\/wp-content\/uploads\/2020\/02\/GranatTrzonkowy-300x169.jpg 300w, https:\/\/kanaly44.pl\/wp-content\/uploads\/2020\/02\/GranatTrzonkowy-768x432.jpg 768w, https:\/\/kanaly44.pl\/wp-content\/uploads\/2020\/02\/GranatTrzonkowy-1536x864.jpg 1536w, https:\/\/kanaly44.pl\/wp-content\/uploads\/2020\/02\/GranatTrzonkowy.jpg 1920w\" sizes=\"(max-width: 767px) 89vw, (max-width: 1000px) 54vw, (max-width: 1071px) 543px, 580px\" \/><\/figure><\/li><li class=\"blocks-gallery-item\"><figure><img loading=\"lazy\" width=\"1024\" height=\"576\" src=\"https:\/\/kanaly44.pl\/wp-content\/uploads\/2020\/02\/GranatWorkowy-1024x576.jpg\" alt=\"\" data-id=\"232\" data-full-url=\"https:\/\/kanaly44.pl\/wp-content\/uploads\/2020\/02\/GranatWorkowy.jpg\" data-link=\"https:\/\/kanaly44.pl\/index.php\/strona-glowna\/granatworkowy\/\" class=\"wp-image-232\" srcset=\"https:\/\/kanaly44.pl\/wp-content\/uploads\/2020\/02\/GranatWorkowy-1024x576.jpg 1024w, https:\/\/kanaly44.pl\/wp-content\/uploads\/2020\/02\/GranatWorkowy-300x169.jpg 300w, https:\/\/kanaly44.pl\/wp-content\/uploads\/2020\/02\/GranatWorkowy-768x432.jpg 768w, https:\/\/kanaly44.pl\/wp-content\/uploads\/2020\/02\/GranatWorkowy-1536x864.jpg 1536w, https:\/\/kanaly44.pl\/wp-content\/uploads\/2020\/02\/GranatWorkowy.jpg 1920w\" sizes=\"(max-width: 767px) 89vw, (max-width: 1000px) 54vw, (max-width: 1071px) 543px, 580px\" \/><\/figure><\/li><li class=\"blocks-gallery-item\"><figure><img loading=\"lazy\" width=\"1024\" height=\"576\" src=\"https:\/\/kanaly44.pl\/wp-content\/uploads\/2020\/02\/He\u0142my-1024x576.jpg\" alt=\"\" data-id=\"233\" data-full-url=\"https:\/\/kanaly44.pl\/wp-content\/uploads\/2020\/02\/He\u0142my.jpg\" data-link=\"https:\/\/kanaly44.pl\/index.php\/strona-glowna\/helmy\/\" class=\"wp-image-233\" srcset=\"https:\/\/kanaly44.pl\/wp-content\/uploads\/2020\/02\/He\u0142my-1024x576.jpg 1024w, https:\/\/kanaly44.pl\/wp-content\/uploads\/2020\/02\/He\u0142my-300x169.jpg 300w, https:\/\/kanaly44.pl\/wp-content\/uploads\/2020\/02\/He\u0142my-768x432.jpg 768w, https:\/\/kanaly44.pl\/wp-content\/uploads\/2020\/02\/He\u0142my-1536x864.jpg 1536w, https:\/\/kanaly44.pl\/wp-content\/uploads\/2020\/02\/He\u0142my.jpg 1920w\" sizes=\"(max-width: 767px) 89vw, (max-width: 1000px) 54vw, (max-width: 1071px) 543px, 580px\" \/><\/figure><\/li><li class=\"blocks-gallery-item\"><figure><img loading=\"lazy\" width=\"1024\" height=\"576\" src=\"https:\/\/kanaly44.pl\/wp-content\/uploads\/2020\/02\/LatarkaBaterie-1024x576.jpg\" alt=\"\" data-id=\"234\" data-full-url=\"https:\/\/kanaly44.pl\/wp-content\/uploads\/2020\/02\/LatarkaBaterie.jpg\" data-link=\"https:\/\/kanaly44.pl\/index.php\/strona-glowna\/latarkabaterie\/\" class=\"wp-image-234\" srcset=\"https:\/\/kanaly44.pl\/wp-content\/uploads\/2020\/02\/LatarkaBaterie-1024x576.jpg 1024w, https:\/\/kanaly44.pl\/wp-content\/uploads\/2020\/02\/LatarkaBaterie-300x169.jpg 300w, https:\/\/kanaly44.pl\/wp-content\/uploads\/2020\/02\/LatarkaBaterie-768x432.jpg 768w, https:\/\/kanaly44.pl\/wp-content\/uploads\/2020\/02\/LatarkaBaterie-1536x864.jpg 1536w, https:\/\/kanaly44.pl\/wp-content\/uploads\/2020\/02\/LatarkaBaterie.jpg 1920w\" sizes=\"(max-width: 767px) 89vw, (max-width: 1000px) 54vw, (max-width: 1071px) 543px, 580px\" \/><\/figure><\/li><li class=\"blocks-gallery-item\"><figure><img loading=\"lazy\" width=\"1024\" height=\"560\" src=\"https:\/\/kanaly44.pl\/wp-content\/uploads\/2020\/02\/LatarkaDynmo-1024x560.jpg\" alt=\"\" data-id=\"235\" data-full-url=\"https:\/\/kanaly44.pl\/wp-content\/uploads\/2020\/02\/LatarkaDynmo.jpg\" data-link=\"https:\/\/kanaly44.pl\/index.php\/strona-glowna\/latarkadynmo\/\" class=\"wp-image-235\" srcset=\"https:\/\/kanaly44.pl\/wp-content\/uploads\/2020\/02\/LatarkaDynmo-1024x560.jpg 1024w, https:\/\/kanaly44.pl\/wp-content\/uploads\/2020\/02\/LatarkaDynmo-300x164.jpg 300w, https:\/\/kanaly44.pl\/wp-content\/uploads\/2020\/02\/LatarkaDynmo-768x420.jpg 768w, https:\/\/kanaly44.pl\/wp-content\/uploads\/2020\/02\/LatarkaDynmo-1536x840.jpg 1536w, https:\/\/kanaly44.pl\/wp-content\/uploads\/2020\/02\/LatarkaDynmo.jpg 1920w\" sizes=\"(max-width: 767px) 89vw, (max-width: 1000px) 54vw, (max-width: 1071px) 543px, 580px\" \/><\/figure><\/li><li class=\"blocks-gallery-item\"><figure><img loading=\"lazy\" width=\"1024\" height=\"576\" src=\"https:\/\/kanaly44.pl\/wp-content\/uploads\/2020\/02\/Sekator-1024x576.jpg\" alt=\"\" data-id=\"237\" data-full-url=\"https:\/\/kanaly44.pl\/wp-content\/uploads\/2020\/02\/Sekator.jpg\" data-link=\"https:\/\/kanaly44.pl\/index.php\/strona-glowna\/sekator\/\" class=\"wp-image-237\" srcset=\"https:\/\/kanaly44.pl\/wp-content\/uploads\/2020\/02\/Sekator-1024x576.jpg 1024w, https:\/\/kanaly44.pl\/wp-content\/uploads\/2020\/02\/Sekator-300x169.jpg 300w, https:\/\/kanaly44.pl\/wp-content\/uploads\/2020\/02\/Sekator-768x432.jpg 768w, https:\/\/kanaly44.pl\/wp-content\/uploads\/2020\/02\/Sekator-1536x864.jpg 1536w, https:\/\/kanaly44.pl\/wp-content\/uploads\/2020\/02\/Sekator.jpg 1920w\" sizes=\"(max-width: 767px) 89vw, (max-width: 1000px) 54vw, (max-width: 1071px) 543px, 580px\" \/><\/figure><\/li><li class=\"blocks-gallery-item\"><figure><img loading=\"lazy\" width=\"1024\" height=\"576\" src=\"https:\/\/kanaly44.pl\/wp-content\/uploads\/2020\/02\/Miny-1024x576.jpg\" alt=\"\" data-id=\"236\" data-full-url=\"https:\/\/kanaly44.pl\/wp-content\/uploads\/2020\/02\/Miny.jpg\" data-link=\"https:\/\/kanaly44.pl\/index.php\/strona-glowna\/miny\/\" class=\"wp-image-236\" srcset=\"https:\/\/kanaly44.pl\/wp-content\/uploads\/2020\/02\/Miny-1024x576.jpg 1024w, https:\/\/kanaly44.pl\/wp-content\/uploads\/2020\/02\/Miny-300x169.jpg 300w, https:\/\/kanaly44.pl\/wp-content\/uploads\/2020\/02\/Miny-768x432.jpg 768w, https:\/\/kanaly44.pl\/wp-content\/uploads\/2020\/02\/Miny-1536x864.jpg 1536w, https:\/\/kanaly44.pl\/wp-content\/uploads\/2020\/02\/Miny.jpg 1920w\" sizes=\"(max-width: 767px) 89vw, (max-width: 1000px) 54vw, (max-width: 1071px) 543px, 580px\" \/><\/figure><\/li><\/ul><\/figure>\n\n\n\n<h3 class=\"has-text-align-right has-vivid-cyan-blue-color has-text-color\">\/  Finalny efekt prac <\/h3>\n\n\n\n<p>Dzi\u0119ki naszej pracy powsta\u0142a opowie\u015b\u0107, kt\u00f3ra prowadzi uczestnika niesamowitym szlakiem podziemnych tuneli.  <\/p>\n\n\n\n<p>Scenariusz i stoj\u0105cy za nim splot wydarze\u0144 wci\u0105ga w \u015bwiat intensywnych emocji oraz wyj\u0105tkowych do\u015bwiadcze\u0144: walki o lepsze jutro, ch\u0119ci przetrwania, niepewno\u015bci o sw\u00f3j los i l\u0119ku przed okupantem, oraz, co najwa\u017cniejsze, nadziei na odzyskanie wolno\u015bci. <\/p>\n\n\n\n<p>Kana\u0142y &#8217;44, to mo\u017cliwo\u015b\u0107 przemierzania labiryntu korytarzy, swoboda dzia\u0142ania, konsekwencje ponoszonych decyzji, liczne pu\u0142apki, niebezpiecze\u0144stwa oraz unikalna okazja odwiedzenia niedost\u0119pnej sieci kanalizacyjnej Warszawy. <\/p>\n\n\n\n<p>To wszystko znajdziesz w naszym projekcie!<\/p>\n\n\n<p><!--EndFragment--><\/p>\n\n\n<!-- Import the component -->\n<script type=\"module\" src=\"https:\/\/modelviewer.dev\/node_modules\/@google\/model-viewer\/dist\/model-viewer.min.js\"><\/script>\n<script nomodule=\"\" src=\"https:\/\/unpkg.com\/@google\/model-viewer\/dist\/model-viewer-legacy.js\"><\/script>\n<!-- Use it like any other HTML element -->\n<div class=\"demo\" style=\"background-color: transparent\">\n<model-viewer id=\"menu\" shadow-intensity=\"4\" shadow-softness=\"1\" ar=\"\" src=\"https:\/\/kanaly44.pl\/ar\/ar_mine.glb\" alt=\"Mina - model 3D i AR\" camera-controls=\"\" auto-rotate=\"\" ar-scale=\"fixed\" ios-src=\"https:\/\/kanaly44.pl\/ar\/ar_mine.usdz#allowsContentScaling=0\" quick-look-browsers=\"safari chrome\" camera-orbit=\"-336.8deg 67.04deg 0.6453m\" min-camera-orbit=\"auto auto auto\" max-camera-orbit=\"auto auto 0.6453m\" style=\"width: auto;\n    height: 350px;\">\n<\/model-viewer>\n<\/div>\n","protected":false},"excerpt":{"rendered":"<p>\/ Geneza projektu Na pocz\u0105tku by\u0142a wyj\u0105tkowa wizja: pokaza\u0107 m\u0142odym pokoleniom rzeczywisto\u015b\u0107, w kt\u00f3rej walczyli ich dziadkowie &#8211; tak, aby poczuli jak to by\u0142o, ale w bezpieczny spos\u00f3b. Na jej kanwie nasz zesp\u00f3\u0142 podj\u0105\u0142 si\u0119 realizacji olbrzymiego wyzwania w obszarze odtwarzania miejsc historycznych przy wykorzystaniu VR. I tak oto w 2017 roku ruszy\u0142y prace nad &hellip; <\/p>\n<p class=\"link-more\"><a href=\"https:\/\/kanaly44.pl\/index.php\/kanaly-44\/\" class=\"more-link\">Czytaj dalej<span class=\"screen-reader-text\"> Kana\u0142y &#8217;44<\/span><\/a><\/p>\n","protected":false},"author":1,"featured_media":548,"parent":0,"menu_order":0,"comment_status":"closed","ping_status":"closed","template":"","meta":[],"_links":{"self":[{"href":"https:\/\/kanaly44.pl\/index.php\/wp-json\/wp\/v2\/pages\/339"}],"collection":[{"href":"https:\/\/kanaly44.pl\/index.php\/wp-json\/wp\/v2\/pages"}],"about":[{"href":"https:\/\/kanaly44.pl\/index.php\/wp-json\/wp\/v2\/types\/page"}],"author":[{"embeddable":true,"href":"https:\/\/kanaly44.pl\/index.php\/wp-json\/wp\/v2\/users\/1"}],"replies":[{"embeddable":true,"href":"https:\/\/kanaly44.pl\/index.php\/wp-json\/wp\/v2\/comments?post=339"}],"version-history":[{"count":19,"href":"https:\/\/kanaly44.pl\/index.php\/wp-json\/wp\/v2\/pages\/339\/revisions"}],"predecessor-version":[{"id":549,"href":"https:\/\/kanaly44.pl\/index.php\/wp-json\/wp\/v2\/pages\/339\/revisions\/549"}],"wp:featuredmedia":[{"embeddable":true,"href":"https:\/\/kanaly44.pl\/index.php\/wp-json\/wp\/v2\/media\/548"}],"wp:attachment":[{"href":"https:\/\/kanaly44.pl\/index.php\/wp-json\/wp\/v2\/media?parent=339"}],"curies":[{"name":"wp","href":"https:\/\/api.w.org\/{rel}","templated":true}]}}